{"id":96,"date":"2025-07-06T11:51:47","date_gmt":"2025-07-06T11:51:47","guid":{"rendered":"https:\/\/pacopignone.it\/?page_id=96"},"modified":"2025-07-08T20:50:20","modified_gmt":"2025-07-08T20:50:20","slug":"biciclando-2025","status":"publish","type":"page","link":"https:\/\/pacopignone.it\/index.php\/biciclando-2025\/","title":{"rendered":"Ciclo tour 2025"},"content":{"rendered":"<p><\/p>\n<p><\/p>\n<p><\/p>\n<p>Un cicloviaggio non comincia quando sali in sella. Comincia molto prima.<br \/>Comincia quando inizi a tracciare il percorso con il dito sulla mappa, o sullo schermo. Quando ti chiedi: \u201cDove voglio andare davvero?\u201d e, pi\u00f9 in profondit\u00e0, \u201cPerch\u00e9 proprio l\u00ec?\u201d.<br \/>\u00c8 l\u00ec che nasce la prima vera pedalata: quella interiore.<\/p>\n<p>I chilometri non sono ancora reali, ma li senti gi\u00e0 nelle gambe. Le salite sono ancora linee su un altimetrico, ma ti mettono alla prova come se ci fossi. Le tappe si trasformano in possibilit\u00e0, in sogni, in domande:<br \/>Ce la far\u00f2? Dove dormir\u00f2? Cosa succede se piove, se foro, se sbaglio strada?<br \/>Eppure proprio l\u00ec, nel dubbio, nasce la libert\u00e0 del cicloviaggio.<\/p>\n<p>Poi c\u2019\u00e8 la bicicletta: la tua compagna silenziosa. Controlli i freni, ingrassi la catena, stringi i bulloni come se stessi bendando una ferita o preparando un&#8217;armatura. Ogni pezzo ha una storia, ogni cigolio \u00e8 un messaggio. Non \u00e8 solo manutenzione: \u00e8 un rito. Un patto di fiducia tra te e lei.<br \/>Perch\u00e9 quando sarai su quella strada, lontano da tutto, lei sar\u00e0 l\u2019unica cosa su cui potrai davvero contare.<\/p>\n<p>E allora s\u00ec, tutto pu\u00f2 ancora cambiare: il percorso si adatta, la meta si trasforma, il viaggio prende direzioni inaspettate.<br \/>Ma se hai preparato la testa, il cuore e la bici, sei gi\u00e0 in viaggio. Anche se sei ancora fermo.<\/p>\n<p><\/p>\n<p><div class=\"wp-block-image\"><\/p>\n<figure class=\"alignright size-large\"><img data-recalc-dims=\"1\"  title=\"\" loading=\"lazy\" decoding=\"async\" width=\"640\" height=\"288\" class=\"wp-image-98\" src=\"https:\/\/i0.wp.com\/pacopignone.it\/wp-content\/uploads\/2025\/07\/img_20250706_121141663_hdr_ae296089656756619953.jpg?resize=640%2C288&#038;ssl=1\"  alt=\"img_20250706_121141663_hdr_ae296089656756619953-1024x461 Ciclo tour 2025\"  srcset=\"https:\/\/i0.wp.com\/pacopignone.it\/wp-content\/uploads\/2025\/07\/img_20250706_121141663_hdr_ae296089656756619953.jpg?resize=1024%2C461&amp;ssl=1 1024w, https:\/\/i0.wp.com\/pacopignone.it\/wp-content\/uploads\/2025\/07\/img_20250706_121141663_hdr_ae296089656756619953.jpg?resize=300%2C135&amp;ssl=1 300w, https:\/\/i0.wp.com\/pacopignone.it\/wp-content\/uploads\/2025\/07\/img_20250706_121141663_hdr_ae296089656756619953.jpg?resize=768%2C345&amp;ssl=1 768w, https:\/\/i0.wp.com\/pacopignone.it\/wp-content\/uploads\/2025\/07\/img_20250706_121141663_hdr_ae296089656756619953.jpg?resize=1536%2C691&amp;ssl=1 1536w, https:\/\/i0.wp.com\/pacopignone.it\/wp-content\/uploads\/2025\/07\/img_20250706_121141663_hdr_ae296089656756619953.jpg?w=1999&amp;ssl=1 1999w, https:\/\/i0.wp.com\/pacopignone.it\/wp-content\/uploads\/2025\/07\/img_20250706_121141663_hdr_ae296089656756619953.jpg?w=1280&amp;ssl=1 1280w, https:\/\/i0.wp.com\/pacopignone.it\/wp-content\/uploads\/2025\/07\/img_20250706_121141663_hdr_ae296089656756619953.jpg?w=1920&amp;ssl=1 1920w\" sizes=\"auto, (max-width: 640px) 100vw, 640px\" \/><\/figure>\n<p><\/div><\/p>\n<p><\/p>\n<p><\/p>\n<p><\/p>\n<p>&nbsp;<\/p>\n<p><\/p>\n","protected":false},"excerpt":{"rendered":"<p>Un cicloviaggio non comincia quando sali in sella. Comincia molto prima.Comincia quando inizi a tracciare il percorso con il dito sulla mappa, o sullo schermo. Quando ti chiedi: \u201cDove voglio andare davvero?\u201d e, pi\u00f9 in profondit\u00e0, \u201cPerch\u00e9 proprio l\u00ec?\u201d.\u00c8 l\u00ec che nasce la prima vera pedalata: quella interiore. I chilometri non sono ancora reali, ma [&hellip;]<\/p>\n","protected":false},"author":1,"featured_media":101,"parent":0,"menu_order":0,"comment_status":"closed","ping_status":"closed","template":"","meta":{"footnotes":""},"class_list":["post-96","page","type-page","status-publish","has-post-thumbnail","hentry"],"yoast_head":"<!-- This site is optimized with the Yoast SEO plugin v26.8 - https:\/\/yoast.com\/product\/yoast-seo-wordpress\/ -->\n<title>Ciclo tour 2025 - I diari di Paco Pignone - Cicloesploratore<\/title>\n<meta name=\"robots\" content=\"index, follow, max-snippet:-1, max-image-preview:large, max-video-preview:-1\" \/>\n<link rel=\"canonical\" href=\"https:\/\/pacopignone.it\/index.php\/biciclando-2025\/\" \/>\n<meta property=\"og:locale\" content=\"it_IT\" \/>\n<meta property=\"og:type\" content=\"article\" \/>\n<meta property=\"og:title\" content=\"Ciclo tour 2025 - I diari di Paco Pignone - Cicloesploratore\" \/>\n<meta property=\"og:description\" content=\"Un cicloviaggio non comincia quando sali in sella. Comincia molto prima.Comincia quando inizi a tracciare il percorso con il dito sulla mappa, o sullo schermo. Quando ti chiedi: \u201cDove voglio andare davvero?\u201d e, pi\u00f9 in profondit\u00e0, \u201cPerch\u00e9 proprio l\u00ec?\u201d.\u00c8 l\u00ec che nasce la prima vera pedalata: quella interiore. I chilometri non sono ancora reali, ma [&hellip;]\" \/>\n<meta property=\"og:url\" content=\"https:\/\/pacopignone.it\/index.php\/biciclando-2025\/\" \/>\n<meta property=\"og:site_name\" content=\"I diari di Paco Pignone - Cicloesploratore\" \/>\n<meta property=\"article:publisher\" content=\"https:\/\/www.facebook.com\/PacoPignone\" \/>\n<meta property=\"article:modified_time\" content=\"2025-07-08T20:50:20+00:00\" \/>\n<meta property=\"og:image\" content=\"https:\/\/pacopignone.it\/wp-content\/uploads\/2025\/07\/Screenshot_20250528-231557.Komoot.png\" \/>\n\t<meta property=\"og:image:width\" content=\"929\" \/>\n\t<meta property=\"og:image:height\" content=\"1132\" \/>\n\t<meta property=\"og:image:type\" content=\"image\/png\" \/>\n<meta name=\"twitter:card\" content=\"summary_large_image\" \/>\n<meta name=\"twitter:label1\" content=\"Tempo di lettura stimato\" \/>\n\t<meta name=\"twitter:data1\" content=\"2 minuti\" \/>\n<script type=\"application\/ld+json\" class=\"yoast-schema-graph\">{\"@context\":\"https:\/\/schema.org\",\"@graph\":[{\"@type\":\"WebPage\",\"@id\":\"https:\/\/pacopignone.it\/index.php\/biciclando-2025\/\",\"url\":\"https:\/\/pacopignone.it\/index.php\/biciclando-2025\/\",\"name\":\"Ciclo tour 2025 - I diari di Paco Pignone - Cicloesploratore\",\"isPartOf\":{\"@id\":\"https:\/\/pacopignone.it\/#website\"},\"primaryImageOfPage\":{\"@id\":\"https:\/\/pacopignone.it\/index.php\/biciclando-2025\/#primaryimage\"},\"image\":{\"@id\":\"https:\/\/pacopignone.it\/index.php\/biciclando-2025\/#primaryimage\"},\"thumbnailUrl\":\"https:\/\/i0.wp.com\/pacopignone.it\/wp-content\/uploads\/2025\/07\/Screenshot_20250528-231557.Komoot.png?fit=929%2C1132&ssl=1\",\"datePublished\":\"2025-07-06T11:51:47+00:00\",\"dateModified\":\"2025-07-08T20:50:20+00:00\",\"breadcrumb\":{\"@id\":\"https:\/\/pacopignone.it\/index.php\/biciclando-2025\/#breadcrumb\"},\"inLanguage\":\"it-IT\",\"potentialAction\":[{\"@type\":\"ReadAction\",\"target\":[\"https:\/\/pacopignone.it\/index.php\/biciclando-2025\/\"]}]},{\"@type\":\"ImageObject\",\"inLanguage\":\"it-IT\",\"@id\":\"https:\/\/pacopignone.it\/index.php\/biciclando-2025\/#primaryimage\",\"url\":\"https:\/\/i0.wp.com\/pacopignone.it\/wp-content\/uploads\/2025\/07\/Screenshot_20250528-231557.Komoot.png?fit=929%2C1132&ssl=1\",\"contentUrl\":\"https:\/\/i0.wp.com\/pacopignone.it\/wp-content\/uploads\/2025\/07\/Screenshot_20250528-231557.Komoot.png?fit=929%2C1132&ssl=1\",\"width\":929,\"height\":1132},{\"@type\":\"BreadcrumbList\",\"@id\":\"https:\/\/pacopignone.it\/index.php\/biciclando-2025\/#breadcrumb\",\"itemListElement\":[{\"@type\":\"ListItem\",\"position\":1,\"name\":\"Home\",\"item\":\"https:\/\/pacopignone.it\/\"},{\"@type\":\"ListItem\",\"position\":2,\"name\":\"Ciclo tour 2025\"}]},{\"@type\":\"WebSite\",\"@id\":\"https:\/\/pacopignone.it\/#website\",\"url\":\"https:\/\/pacopignone.it\/\",\"name\":\"I diari di Paco Pignone - Cicloesploratore\",\"description\":\"&quot;Pedalo per non stare fermo. N\u00e9 col corpo, n\u00e9 col pensiero.&quot;\",\"publisher\":{\"@id\":\"https:\/\/pacopignone.it\/#\/schema\/person\/185407cf288d106ebe1922a02a949509\"},\"alternateName\":\"Le storie di Paco Pignone\",\"potentialAction\":[{\"@type\":\"SearchAction\",\"target\":{\"@type\":\"EntryPoint\",\"urlTemplate\":\"https:\/\/pacopignone.it\/?s={search_term_string}\"},\"query-input\":{\"@type\":\"PropertyValueSpecification\",\"valueRequired\":true,\"valueName\":\"search_term_string\"}}],\"inLanguage\":\"it-IT\"},{\"@type\":[\"Person\",\"Organization\"],\"@id\":\"https:\/\/pacopignone.it\/#\/schema\/person\/185407cf288d106ebe1922a02a949509\",\"name\":\"Paco Pignone\",\"image\":{\"@type\":\"ImageObject\",\"inLanguage\":\"it-IT\",\"@id\":\"https:\/\/pacopignone.it\/#\/schema\/person\/image\/\",\"url\":\"https:\/\/i0.wp.com\/pacopignone.it\/wp-content\/uploads\/2025\/07\/cropped-logo-paco.png?fit=979%2C938&ssl=1\",\"contentUrl\":\"https:\/\/i0.wp.com\/pacopignone.it\/wp-content\/uploads\/2025\/07\/cropped-logo-paco.png?fit=979%2C938&ssl=1\",\"width\":979,\"height\":938,\"caption\":\"Paco Pignone\"},\"logo\":{\"@id\":\"https:\/\/pacopignone.it\/#\/schema\/person\/image\/\"},\"description\":\"Sono un cicloesploratore per scelta di vita: un po\u2019 meccanico, un po\u2019 narratore, un po\u2019 testardo. Vado in bicicletta per spostarmi, ma anche per restare. Per ascoltare il mondo da vicino, per scomporlo in tappe, per capirlo pedalata dopo pedalata. Scappo dall\u2019ovvio, devio dalle rotte turistiche, mi infilo tra le crepe dell\u2019asfalto dove si nascondono storie dimenticate, resistenze quotidiane, bellezze che non si vedono a motore acceso.\",\"sameAs\":[\"https:\/\/pacopignone.it\",\"https:\/\/www.facebook.com\/PacoPignone\",\"https:\/\/www.instagram.com\/pacopignone\/\"]}]}<\/script>\n<!-- \/ Yoast SEO plugin. -->","yoast_head_json":{"title":"Ciclo tour 2025 - I diari di Paco Pignone - Cicloesploratore","robots":{"index":"index","follow":"follow","max-snippet":"max-snippet:-1","max-image-preview":"max-image-preview:large","max-video-preview":"max-video-preview:-1"},"canonical":"https:\/\/pacopignone.it\/index.php\/biciclando-2025\/","og_locale":"it_IT","og_type":"article","og_title":"Ciclo tour 2025 - I diari di Paco Pignone - Cicloesploratore","og_description":"Un cicloviaggio non comincia quando sali in sella. Comincia molto prima.Comincia quando inizi a tracciare il percorso con il dito sulla mappa, o sullo schermo. Quando ti chiedi: \u201cDove voglio andare davvero?\u201d e, pi\u00f9 in profondit\u00e0, \u201cPerch\u00e9 proprio l\u00ec?\u201d.\u00c8 l\u00ec che nasce la prima vera pedalata: quella interiore. I chilometri non sono ancora reali, ma [&hellip;]","og_url":"https:\/\/pacopignone.it\/index.php\/biciclando-2025\/","og_site_name":"I diari di Paco Pignone - Cicloesploratore","article_publisher":"https:\/\/www.facebook.com\/PacoPignone","article_modified_time":"2025-07-08T20:50:20+00:00","og_image":[{"width":929,"height":1132,"url":"https:\/\/pacopignone.it\/wp-content\/uploads\/2025\/07\/Screenshot_20250528-231557.Komoot.png","type":"image\/png"}],"twitter_card":"summary_large_image","twitter_misc":{"Tempo di lettura stimato":"2 minuti"},"schema":{"@context":"https:\/\/schema.org","@graph":[{"@type":"WebPage","@id":"https:\/\/pacopignone.it\/index.php\/biciclando-2025\/","url":"https:\/\/pacopignone.it\/index.php\/biciclando-2025\/","name":"Ciclo tour 2025 - I diari di Paco Pignone - Cicloesploratore","isPartOf":{"@id":"https:\/\/pacopignone.it\/#website"},"primaryImageOfPage":{"@id":"https:\/\/pacopignone.it\/index.php\/biciclando-2025\/#primaryimage"},"image":{"@id":"https:\/\/pacopignone.it\/index.php\/biciclando-2025\/#primaryimage"},"thumbnailUrl":"https:\/\/i0.wp.com\/pacopignone.it\/wp-content\/uploads\/2025\/07\/Screenshot_20250528-231557.Komoot.png?fit=929%2C1132&ssl=1","datePublished":"2025-07-06T11:51:47+00:00","dateModified":"2025-07-08T20:50:20+00:00","breadcrumb":{"@id":"https:\/\/pacopignone.it\/index.php\/biciclando-2025\/#breadcrumb"},"inLanguage":"it-IT","potentialAction":[{"@type":"ReadAction","target":["https:\/\/pacopignone.it\/index.php\/biciclando-2025\/"]}]},{"@type":"ImageObject","inLanguage":"it-IT","@id":"https:\/\/pacopignone.it\/index.php\/biciclando-2025\/#primaryimage","url":"https:\/\/i0.wp.com\/pacopignone.it\/wp-content\/uploads\/2025\/07\/Screenshot_20250528-231557.Komoot.png?fit=929%2C1132&ssl=1","contentUrl":"https:\/\/i0.wp.com\/pacopignone.it\/wp-content\/uploads\/2025\/07\/Screenshot_20250528-231557.Komoot.png?fit=929%2C1132&ssl=1","width":929,"height":1132},{"@type":"BreadcrumbList","@id":"https:\/\/pacopignone.it\/index.php\/biciclando-2025\/#breadcrumb","itemListElement":[{"@type":"ListItem","position":1,"name":"Home","item":"https:\/\/pacopignone.it\/"},{"@type":"ListItem","position":2,"name":"Ciclo tour 2025"}]},{"@type":"WebSite","@id":"https:\/\/pacopignone.it\/#website","url":"https:\/\/pacopignone.it\/","name":"I diari di Paco Pignone - Cicloesploratore","description":"&quot;Pedalo per non stare fermo. N\u00e9 col corpo, n\u00e9 col pensiero.&quot;","publisher":{"@id":"https:\/\/pacopignone.it\/#\/schema\/person\/185407cf288d106ebe1922a02a949509"},"alternateName":"Le storie di Paco Pignone","potentialAction":[{"@type":"SearchAction","target":{"@type":"EntryPoint","urlTemplate":"https:\/\/pacopignone.it\/?s={search_term_string}"},"query-input":{"@type":"PropertyValueSpecification","valueRequired":true,"valueName":"search_term_string"}}],"inLanguage":"it-IT"},{"@type":["Person","Organization"],"@id":"https:\/\/pacopignone.it\/#\/schema\/person\/185407cf288d106ebe1922a02a949509","name":"Paco Pignone","image":{"@type":"ImageObject","inLanguage":"it-IT","@id":"https:\/\/pacopignone.it\/#\/schema\/person\/image\/","url":"https:\/\/i0.wp.com\/pacopignone.it\/wp-content\/uploads\/2025\/07\/cropped-logo-paco.png?fit=979%2C938&ssl=1","contentUrl":"https:\/\/i0.wp.com\/pacopignone.it\/wp-content\/uploads\/2025\/07\/cropped-logo-paco.png?fit=979%2C938&ssl=1","width":979,"height":938,"caption":"Paco Pignone"},"logo":{"@id":"https:\/\/pacopignone.it\/#\/schema\/person\/image\/"},"description":"Sono un cicloesploratore per scelta di vita: un po\u2019 meccanico, un po\u2019 narratore, un po\u2019 testardo. Vado in bicicletta per spostarmi, ma anche per restare. Per ascoltare il mondo da vicino, per scomporlo in tappe, per capirlo pedalata dopo pedalata. Scappo dall\u2019ovvio, devio dalle rotte turistiche, mi infilo tra le crepe dell\u2019asfalto dove si nascondono storie dimenticate, resistenze quotidiane, bellezze che non si vedono a motore acceso.","sameAs":["https:\/\/pacopignone.it","https:\/\/www.facebook.com\/PacoPignone","https:\/\/www.instagram.com\/pacopignone\/"]}]}},"wpts_trip_summary":{"status":{"has_route_track":false,"has_route_info":false},"route_info":null,"route_track":null},"jetpack_sharing_enabled":true,"_links":{"self":[{"href":"https:\/\/pacopignone.it\/index.php\/wp-json\/wp\/v2\/pages\/96","targetHints":{"allow":["GET"]}}],"collection":[{"href":"https:\/\/pacopignone.it\/index.php\/wp-json\/wp\/v2\/pages"}],"about":[{"href":"https:\/\/pacopignone.it\/index.php\/wp-json\/wp\/v2\/types\/page"}],"author":[{"embeddable":true,"href":"https:\/\/pacopignone.it\/index.php\/wp-json\/wp\/v2\/users\/1"}],"replies":[{"embeddable":true,"href":"https:\/\/pacopignone.it\/index.php\/wp-json\/wp\/v2\/comments?post=96"}],"version-history":[{"count":5,"href":"https:\/\/pacopignone.it\/index.php\/wp-json\/wp\/v2\/pages\/96\/revisions"}],"predecessor-version":[{"id":128,"href":"https:\/\/pacopignone.it\/index.php\/wp-json\/wp\/v2\/pages\/96\/revisions\/128"}],"wp:featuredmedia":[{"embeddable":true,"href":"https:\/\/pacopignone.it\/index.php\/wp-json\/wp\/v2\/media\/101"}],"wp:attachment":[{"href":"https:\/\/pacopignone.it\/index.php\/wp-json\/wp\/v2\/media?parent=96"}],"curies":[{"name":"wp","href":"https:\/\/api.w.org\/{rel}","templated":true}]}}